{"id":417,"date":"2019-03-19T07:23:05","date_gmt":"2019-03-19T07:23:05","guid":{"rendered":"http:\/\/sinnovation.info.preview.web15.greensta.de\/wp24\/?page_id=417"},"modified":"2024-10-16T16:24:14","modified_gmt":"2024-10-16T16:24:14","slug":"elementor-417","status":"publish","type":"page","link":"https:\/\/www.sinnovation.koeln\/index.php\/elementor-417\/","title":{"rendered":"sinnovation&#8217;s GW\u00d6-Bilanz"},"content":{"rendered":"<h2>sinnovation&#8217;s Gemeinwohl-Bilanz<\/h2>\n<p>Auch sinnovation hat selbstverst\u00e4ndlich schon eigene Gemeinwohl-Bilanzen erstellt.<\/p>\n<p>Diese k\u00f6nnen gerne hier eingesehen werden:<\/p>\n<p><a href=\"http:\/\/sinnovation.info.preview.web15.greensta.de\/wp24\/wp-content\/uploads\/2023\/09\/2023_sinnovation_GW_Bilanz-kompakt-5.0-mit-Testat.pdf\"><b>2023 Gemeinwohl-Bilanz sinnovation<\/b><\/a><\/p>\n<p><a href=\"http:\/\/sinnovation.info.preview.web15.greensta.de\/wp24\/wp-content\/uploads\/2021\/05\/2021-GWOE-Bericht-sinnovation.pdf\"><b>2021 Gemeinwohl-Bericht sinnovation<\/b><\/a><\/p>\n<p><a href=\"http:\/\/sinnovation.info.preview.web15.greensta.de\/wp24\/wp-content\/uploads\/2019\/03\/2019-GWOE-Bericht-sinnovation-final-.pdf\" target=\"_blank\" rel=\"noopener\"><strong>2019 Gemeinwohl-Bericht sinnovation<\/strong><\/a><\/p>\n<p>\t\t\t\t\t\t\t\t\t\t\t\t\t<img loading=\"lazy\" decoding=\"async\" width=\"594\" height=\"841\" src=\"https:\/\/www.sinnovation.koeln\/wp24\/wp-content\/uploads\/2023\/09\/2023_sinnovation-Martina-Dietrich_Testat.jpg\" alt=\"Gemeinwohlbilanz Matrix sinnovation\" srcset=\"https:\/\/www.sinnovation.koeln\/wp24\/wp-content\/uploads\/2023\/09\/2023_sinnovation-Martina-Dietrich_Testat.jpg 594w, https:\/\/www.sinnovation.koeln\/wp24\/wp-content\/uploads\/2023\/09\/2023_sinnovation-Martina-Dietrich_Testat-212x300.jpg 212w\" sizes=\"auto, (max-width: 594px) 100vw, 594px\" \/><\/p>\n","protected":false},"excerpt":{"rendered":"<p>sinnovation&#8217;s Gemeinwohl-Bilanz Auch sinnovation hat selbstverst\u00e4ndlich schon eigene Gemeinwohl-Bilanzen erstellt. Diese k\u00f6nnen gerne hier eingesehen werden: 2023 Gemeinwohl-Bilanz sinnovation 2021 Gemeinwohl-Bericht sinnovation 2019 Gemeinwohl-Bericht sinnovation<\/p>\n","protected":false},"author":2,"featured_media":0,"parent":0,"menu_order":0,"comment_status":"closed","ping_status":"closed","template":"","meta":{"site-sidebar-layout":"no-sidebar","site-content-layout":"page-builder","ast-site-content-layout":"full-width-container","site-content-style":"unboxed","site-sidebar-style":"unboxed","ast-global-header-display":"","ast-banner-title-visibility":"","ast-main-header-display":"","ast-hfb-above-header-display":"","ast-hfb-below-header-display":"","ast-hfb-mobile-header-display":"","site-post-title":"disabled","ast-breadcrumbs-content":"","ast-featured-img":"","footer-sml-layout":"","ast-disable-related-posts":"","theme-transparent-header-meta":"default","adv-header-id-meta":"","stick-header-meta":"","header-above-stick-meta":"","header-main-stick-meta":"","header-below-stick-meta":"","astra-migrate-meta-layouts":"set","ast-page-background-enabled":"default","ast-page-background-meta":{"desktop":{"background-color":"var(--ast-global-color-4)","background-image":"","background-repeat":"repeat","background-position":"center center","background-size":"auto","background-attachment":"scroll","background-type":"","background-media":"","overlay-type":"","overlay-color":"","overlay-opacity":"","overlay-gradient":""},"tablet":{"background-color":"","background-image":"","background-repeat":"repeat","background-position":"center center","background-size":"auto","background-attachment":"scroll","background-type":"","background-media":"","overlay-type":"","overlay-color":"","overlay-opacity":"","overlay-gradient":""},"mobile":{"background-color":"","background-image":"","background-repeat":"repeat","background-position":"center center","background-size":"auto","background-attachment":"scroll","background-type":"","background-media":"","overlay-type":"","overlay-color":"","overlay-opacity":"","overlay-gradient":""}},"ast-content-background-meta":{"desktop":{"background-color":"var(--ast-global-color-5)","background-image":"","background-repeat":"repeat","background-position":"center center","background-size":"auto","background-attachment":"scroll","background-type":"","background-media":"","overlay-type":"","overlay-color":"","overlay-opacity":"","overlay-gradient":""},"tablet":{"background-color":"var(--ast-global-color-5)","background-image":"","background-repeat":"repeat","background-position":"center center","background-size":"auto","background-attachment":"scroll","background-type":"","background-media":"","overlay-type":"","overlay-color":"","overlay-opacity":"","overlay-gradient":""},"mobile":{"background-color":"var(--ast-global-color-5)","background-image":"","background-repeat":"repeat","background-position":"center center","background-size":"auto","background-attachment":"scroll","background-type":"","background-media":"","overlay-type":"","overlay-color":"","overlay-opacity":"","overlay-gradient":""}},"footnotes":""},"class_list":["post-417","page","type-page","status-publish","hentry"],"yoast_head":"<!-- This site is optimized with the Yoast SEO plugin v26.8 - https:\/\/yoast.com\/product\/yoast-seo-wordpress\/ -->\n<title>sinnovation&#039;s GW\u00d6-Bilanz - sinnovation<\/title>\n<meta name=\"robots\" content=\"index, follow, max-snippet:-1, max-image-preview:large, max-video-preview:-1\" \/>\n<link rel=\"canonical\" href=\"https:\/\/www.sinnovation.koeln\/index.php\/elementor-417\/\" \/>\n<meta property=\"og:locale\" content=\"de_DE\" \/>\n<meta property=\"og:type\" content=\"article\" \/>\n<meta property=\"og:title\" content=\"sinnovation&#039;s GW\u00d6-Bilanz - sinnovation\" \/>\n<meta property=\"og:description\" content=\"sinnovation&#8217;s Gemeinwohl-Bilanz Auch sinnovation hat selbstverst\u00e4ndlich schon eigene Gemeinwohl-Bilanzen erstellt. Diese k\u00f6nnen gerne hier eingesehen werden: 2023 Gemeinwohl-Bilanz sinnovation 2021 Gemeinwohl-Bericht sinnovation 2019 Gemeinwohl-Bericht sinnovation\" \/>\n<meta property=\"og:url\" content=\"https:\/\/www.sinnovation.koeln\/index.php\/elementor-417\/\" \/>\n<meta property=\"og:site_name\" content=\"sinnovation\" \/>\n<meta property=\"article:modified_time\" content=\"2024-10-16T16:24:14+00:00\" \/>\n<meta property=\"og:image\" content=\"https:\/\/www.sinnovation.koeln\/wp24\/wp-content\/uploads\/2023\/09\/2023_sinnovation-Martina-Dietrich_Testat.jpg\" \/>\n\t<meta property=\"og:image:width\" content=\"594\" \/>\n\t<meta property=\"og:image:height\" content=\"841\" \/>\n\t<meta property=\"og:image:type\" content=\"image\/jpeg\" \/>\n<meta name=\"twitter:card\" content=\"summary_large_image\" \/>\n<script type=\"application\/ld+json\" class=\"yoast-schema-graph\">{\"@context\":\"https:\/\/schema.org\",\"@graph\":[{\"@type\":\"WebPage\",\"@id\":\"https:\/\/www.sinnovation.koeln\/index.php\/elementor-417\/\",\"url\":\"https:\/\/www.sinnovation.koeln\/index.php\/elementor-417\/\",\"name\":\"sinnovation's GW\u00d6-Bilanz - sinnovation\",\"isPartOf\":{\"@id\":\"https:\/\/www.sinnovation.koeln\/#website\"},\"primaryImageOfPage\":{\"@id\":\"https:\/\/www.sinnovation.koeln\/index.php\/elementor-417\/#primaryimage\"},\"image\":{\"@id\":\"https:\/\/www.sinnovation.koeln\/index.php\/elementor-417\/#primaryimage\"},\"thumbnailUrl\":\"https:\/\/www.sinnovation.koeln\/wp24\/wp-content\/uploads\/2023\/09\/2023_sinnovation-Martina-Dietrich_Testat.jpg\",\"datePublished\":\"2019-03-19T07:23:05+00:00\",\"dateModified\":\"2024-10-16T16:24:14+00:00\",\"breadcrumb\":{\"@id\":\"https:\/\/www.sinnovation.koeln\/index.php\/elementor-417\/#breadcrumb\"},\"inLanguage\":\"de\",\"potentialAction\":[{\"@type\":\"ReadAction\",\"target\":[\"https:\/\/www.sinnovation.koeln\/index.php\/elementor-417\/\"]}]},{\"@type\":\"ImageObject\",\"inLanguage\":\"de\",\"@id\":\"https:\/\/www.sinnovation.koeln\/index.php\/elementor-417\/#primaryimage\",\"url\":\"https:\/\/www.sinnovation.koeln\/wp24\/wp-content\/uploads\/2023\/09\/2023_sinnovation-Martina-Dietrich_Testat.jpg\",\"contentUrl\":\"https:\/\/www.sinnovation.koeln\/wp24\/wp-content\/uploads\/2023\/09\/2023_sinnovation-Martina-Dietrich_Testat.jpg\",\"width\":594,\"height\":841,\"caption\":\"Gemeinwohlbilanz Matrix sinnovation\"},{\"@type\":\"BreadcrumbList\",\"@id\":\"https:\/\/www.sinnovation.koeln\/index.php\/elementor-417\/#breadcrumb\",\"itemListElement\":[{\"@type\":\"ListItem\",\"position\":1,\"name\":\"Startseite\",\"item\":\"https:\/\/www.sinnovation.koeln\/\"},{\"@type\":\"ListItem\",\"position\":2,\"name\":\"sinnovation&#8217;s GW\u00d6-Bilanz\"}]},{\"@type\":\"WebSite\",\"@id\":\"https:\/\/www.sinnovation.koeln\/#website\",\"url\":\"https:\/\/www.sinnovation.koeln\/\",\"name\":\"sinnovation\",\"description\":\"nachhaltig entwickeln\",\"publisher\":{\"@id\":\"https:\/\/www.sinnovation.koeln\/#organization\"},\"potentialAction\":[{\"@type\":\"SearchAction\",\"target\":{\"@type\":\"EntryPoint\",\"urlTemplate\":\"https:\/\/www.sinnovation.koeln\/?s={search_term_string}\"},\"query-input\":{\"@type\":\"PropertyValueSpecification\",\"valueRequired\":true,\"valueName\":\"search_term_string\"}}],\"inLanguage\":\"de\"},{\"@type\":\"Organization\",\"@id\":\"https:\/\/www.sinnovation.koeln\/#organization\",\"name\":\"sinnovation\",\"url\":\"https:\/\/www.sinnovation.koeln\/\",\"logo\":{\"@type\":\"ImageObject\",\"inLanguage\":\"de\",\"@id\":\"https:\/\/www.sinnovation.koeln\/#\/schema\/logo\/image\/\",\"url\":\"https:\/\/www.sinnovation.koeln\/wp24\/wp-content\/uploads\/2024\/04\/MD_Logo_600px.png\",\"contentUrl\":\"https:\/\/www.sinnovation.koeln\/wp24\/wp-content\/uploads\/2024\/04\/MD_Logo_600px.png\",\"width\":600,\"height\":191,\"caption\":\"sinnovation\"},\"image\":{\"@id\":\"https:\/\/www.sinnovation.koeln\/#\/schema\/logo\/image\/\"}}]}<\/script>\n<!-- \/ Yoast SEO plugin. -->","yoast_head_json":{"title":"sinnovation's GW\u00d6-Bilanz - sinnovation","robots":{"index":"index","follow":"follow","max-snippet":"max-snippet:-1","max-image-preview":"max-image-preview:large","max-video-preview":"max-video-preview:-1"},"canonical":"https:\/\/www.sinnovation.koeln\/index.php\/elementor-417\/","og_locale":"de_DE","og_type":"article","og_title":"sinnovation's GW\u00d6-Bilanz - sinnovation","og_description":"sinnovation&#8217;s Gemeinwohl-Bilanz Auch sinnovation hat selbstverst\u00e4ndlich schon eigene Gemeinwohl-Bilanzen erstellt. Diese k\u00f6nnen gerne hier eingesehen werden: 2023 Gemeinwohl-Bilanz sinnovation 2021 Gemeinwohl-Bericht sinnovation 2019 Gemeinwohl-Bericht sinnovation","og_url":"https:\/\/www.sinnovation.koeln\/index.php\/elementor-417\/","og_site_name":"sinnovation","article_modified_time":"2024-10-16T16:24:14+00:00","og_image":[{"width":594,"height":841,"url":"https:\/\/www.sinnovation.koeln\/wp24\/wp-content\/uploads\/2023\/09\/2023_sinnovation-Martina-Dietrich_Testat.jpg","type":"image\/jpeg"}],"twitter_card":"summary_large_image","schema":{"@context":"https:\/\/schema.org","@graph":[{"@type":"WebPage","@id":"https:\/\/www.sinnovation.koeln\/index.php\/elementor-417\/","url":"https:\/\/www.sinnovation.koeln\/index.php\/elementor-417\/","name":"sinnovation's GW\u00d6-Bilanz - sinnovation","isPartOf":{"@id":"https:\/\/www.sinnovation.koeln\/#website"},"primaryImageOfPage":{"@id":"https:\/\/www.sinnovation.koeln\/index.php\/elementor-417\/#primaryimage"},"image":{"@id":"https:\/\/www.sinnovation.koeln\/index.php\/elementor-417\/#primaryimage"},"thumbnailUrl":"https:\/\/www.sinnovation.koeln\/wp24\/wp-content\/uploads\/2023\/09\/2023_sinnovation-Martina-Dietrich_Testat.jpg","datePublished":"2019-03-19T07:23:05+00:00","dateModified":"2024-10-16T16:24:14+00:00","breadcrumb":{"@id":"https:\/\/www.sinnovation.koeln\/index.php\/elementor-417\/#breadcrumb"},"inLanguage":"de","potentialAction":[{"@type":"ReadAction","target":["https:\/\/www.sinnovation.koeln\/index.php\/elementor-417\/"]}]},{"@type":"ImageObject","inLanguage":"de","@id":"https:\/\/www.sinnovation.koeln\/index.php\/elementor-417\/#primaryimage","url":"https:\/\/www.sinnovation.koeln\/wp24\/wp-content\/uploads\/2023\/09\/2023_sinnovation-Martina-Dietrich_Testat.jpg","contentUrl":"https:\/\/www.sinnovation.koeln\/wp24\/wp-content\/uploads\/2023\/09\/2023_sinnovation-Martina-Dietrich_Testat.jpg","width":594,"height":841,"caption":"Gemeinwohlbilanz Matrix sinnovation"},{"@type":"BreadcrumbList","@id":"https:\/\/www.sinnovation.koeln\/index.php\/elementor-417\/#breadcrumb","itemListElement":[{"@type":"ListItem","position":1,"name":"Startseite","item":"https:\/\/www.sinnovation.koeln\/"},{"@type":"ListItem","position":2,"name":"sinnovation&#8217;s GW\u00d6-Bilanz"}]},{"@type":"WebSite","@id":"https:\/\/www.sinnovation.koeln\/#website","url":"https:\/\/www.sinnovation.koeln\/","name":"sinnovation","description":"nachhaltig entwickeln","publisher":{"@id":"https:\/\/www.sinnovation.koeln\/#organization"},"potentialAction":[{"@type":"SearchAction","target":{"@type":"EntryPoint","urlTemplate":"https:\/\/www.sinnovation.koeln\/?s={search_term_string}"},"query-input":{"@type":"PropertyValueSpecification","valueRequired":true,"valueName":"search_term_string"}}],"inLanguage":"de"},{"@type":"Organization","@id":"https:\/\/www.sinnovation.koeln\/#organization","name":"sinnovation","url":"https:\/\/www.sinnovation.koeln\/","logo":{"@type":"ImageObject","inLanguage":"de","@id":"https:\/\/www.sinnovation.koeln\/#\/schema\/logo\/image\/","url":"https:\/\/www.sinnovation.koeln\/wp24\/wp-content\/uploads\/2024\/04\/MD_Logo_600px.png","contentUrl":"https:\/\/www.sinnovation.koeln\/wp24\/wp-content\/uploads\/2024\/04\/MD_Logo_600px.png","width":600,"height":191,"caption":"sinnovation"},"image":{"@id":"https:\/\/www.sinnovation.koeln\/#\/schema\/logo\/image\/"}}]}},"_links":{"self":[{"href":"https:\/\/www.sinnovation.koeln\/index.php\/wp-json\/wp\/v2\/pages\/417","targetHints":{"allow":["GET"]}}],"collection":[{"href":"https:\/\/www.sinnovation.koeln\/index.php\/wp-json\/wp\/v2\/pages"}],"about":[{"href":"https:\/\/www.sinnovation.koeln\/index.php\/wp-json\/wp\/v2\/types\/page"}],"author":[{"embeddable":true,"href":"https:\/\/www.sinnovation.koeln\/index.php\/wp-json\/wp\/v2\/users\/2"}],"replies":[{"embeddable":true,"href":"https:\/\/www.sinnovation.koeln\/index.php\/wp-json\/wp\/v2\/comments?post=417"}],"version-history":[{"count":74,"href":"https:\/\/www.sinnovation.koeln\/index.php\/wp-json\/wp\/v2\/pages\/417\/revisions"}],"predecessor-version":[{"id":1544,"href":"https:\/\/www.sinnovation.koeln\/index.php\/wp-json\/wp\/v2\/pages\/417\/revisions\/1544"}],"wp:attachment":[{"href":"https:\/\/www.sinnovation.koeln\/index.php\/wp-json\/wp\/v2\/media?parent=417"}],"curies":[{"name":"wp","href":"https:\/\/api.w.org\/{rel}","templated":true}]}}