{"id":610,"date":"2022-11-03T14:36:45","date_gmt":"2022-11-03T14:36:45","guid":{"rendered":"http:\/\/sinnovation.info.preview.web15.greensta.de\/wp24\/?page_id=610"},"modified":"2024-12-10T14:56:27","modified_gmt":"2024-12-10T14:56:27","slug":"gemeinwohlberatung","status":"publish","type":"page","link":"https:\/\/www.sinnovation.koeln\/index.php\/gemeinwohlberatung\/","title":{"rendered":"Referenzen"},"content":{"rendered":"<h1>Referenzen<\/h1>\n<h2 style=\"font-style: normal;\"><b>Projekte zur Gemeinwohlbilanzierung als zertifizierte Gemeinwohl-Beraterin<\/b><\/h2>\n<ul style=\"font-size: 17px; font-style: normal;\">\n<li style=\"font-size: 17px;\"><a href=\"https:\/\/atelierautomatique.de\/atelier\/gemeinwohl\">Atelier Automatique<\/a><\/li>\n<li style=\"font-weight: 400; font-size: 17px;\"><a href=\"https:\/\/www.beethoven.de\/de\/ueber-uns\">Beethovenhaus Bonn<\/a><\/li>\n<li style=\"font-weight: 400; font-size: 17px;\"><a href=\"https:\/\/bunteburger.de\/bunte-burger-restaurant\/ueber-uns\/gemeinwohl\/\">Bunte Burger GmbH<\/a><\/li>\n<li style=\"font-weight: 400; font-size: 17px;\"><a href=\"https:\/\/www.diakonie-duesseldorf.de\/ueber-uns\/diakonie-im-ueberblick\/nachhaltigkeit\">Diakonie D\u00fcsseldorf<\/a><\/li>\n<li style=\"font-weight: 400; font-size: 17px;\">DGSv e.V.<\/li>\n<li style=\"font-weight: 400; font-size: 17px;\">Hellers Brauhaus GmbH<\/li>\n<li><a href=\"https:\/\/hr-pioneers.com\/2022\/06\/unsere-erste-gemeinwohl-vollbilanz\/\">HR Pioneers GmbH<\/a><\/li>\n<li style=\"font-weight: 400; font-size: 17px;\"><a href=\"https:\/\/koelnbaeder.de\/die-koelnbaeder-engagieren-sich-fuer-das-gemeinwohl\/\">K\u00f6ln B\u00e4der GmbH<\/a><\/li>\n<li style=\"font-weight: 400; font-size: 17px;\"><a href=\"https:\/\/nbh.de\/ueber-uns\/das-haus\/gemeinwohlbilanz\/\">Nell-Breuning Haus<\/a><\/li>\n<li style=\"font-weight: 400; font-size: 17px;\">\u00d6kokiste Gertrudenhof<\/li>\n<li style=\"font-weight: 400; font-size: 17px;\">P1 Consulting<\/li>\n<li style=\"font-weight: 400; font-size: 17px;\">Regionalwert AG<\/li>\n<li style=\"font-weight: 400; font-size: 17px;\">Vollkornb\u00e4ckerei Barth GmbH<\/li>\n<\/ul>\n<h2 style=\"font-style: normal;\">Als Peergruppe<\/h2>\n<ul style=\"font-size: 17px; font-style: normal; font-weight: 400;\">\n<li style=\"font-size: 17px;\"><a href=\"https:\/\/aka-tex.de\/gemeinwohl-unternehmen-bilanzierung-nachhaltigkeitsbericht-gemeinwohl-oekonomie-gwoe\">Aka Merch &amp; Textil GmbH<\/a><\/li>\n<li style=\"font-size: 17px;\"><a href=\"https:\/\/www.bureau-soso.de\/gemeinwohl-oekonomie\/\">Bureau SoSo\u00ae \u2013 Nachhaltiges Grafikdesign<\/a><\/li>\n<li style=\"font-size: 17px;\">Karsten Geisler \u2013 Design | EDV Trainings<\/li>\n<li style=\"font-size: 17px;\">Oliver Kirchhof \u2013\u00a0 Strategie | Change-Management | Coaching<\/li>\n<li style=\"font-size: 17px;\">Pro Raum GmbH<\/li>\n<li style=\"font-size: 17px;\">SK SESSELKAMPAGNE GmbH<\/li>\n<li style=\"font-size: 17px;\">Simon Veith I Nachhaltige Fotografie<\/li>\n<\/ul>\n<p style=\"font-size: 17px; font-style: normal; font-weight: 400;\">Auf\u00a0<a style=\"font-size: 17px; transition-property: all;\" href=\"https:\/\/www.ecogood.org\/\">ecogood.org<\/a>\u00a0erfahren Sie mehr \u00fcber die internationale Bewegung Gemeinwohl-\u00d6konomie.<\/p>\n","protected":false},"excerpt":{"rendered":"<p>Referenzen Projekte zur Gemeinwohlbilanzierung als zertifizierte Gemeinwohl-Beraterin Atelier Automatique Beethovenhaus Bonn Bunte Burger GmbH Diakonie D\u00fcsseldorf DGSv e.V. Hellers Brauhaus GmbH HR Pioneers GmbH K\u00f6ln B\u00e4der GmbH Nell-Breuning Haus \u00d6kokiste Gertrudenhof P1 Consulting Regionalwert AG Vollkornb\u00e4ckerei Barth GmbH Als Peergruppe Aka Merch &amp; Textil GmbH Bureau SoSo\u00ae \u2013 Nachhaltiges Grafikdesign Karsten Geisler \u2013 Design | [&hellip;]<\/p>\n","protected":false},"author":1,"featured_media":0,"parent":0,"menu_order":0,"comment_status":"closed","ping_status":"closed","template":"","meta":{"site-sidebar-layout":"no-sidebar","site-content-layout":"page-builder","ast-site-content-layout":"full-width-container","site-content-style":"unboxed","site-sidebar-style":"unboxed","ast-global-header-display":"","ast-banner-title-visibility":"","ast-main-header-display":"","ast-hfb-above-header-display":"","ast-hfb-below-header-display":"","ast-hfb-mobile-header-display":"","site-post-title":"disabled","ast-breadcrumbs-content":"","ast-featured-img":"disabled","footer-sml-layout":"","ast-disable-related-posts":"","theme-transparent-header-meta":"default","adv-header-id-meta":"","stick-header-meta":"","header-above-stick-meta":"","header-main-stick-meta":"","header-below-stick-meta":"","astra-migrate-meta-layouts":"set","ast-page-background-enabled":"default","ast-page-background-meta":{"desktop":{"background-color":"var(--ast-global-color-4)","background-image":"","background-repeat":"repeat","background-position":"center center","background-size":"auto","background-attachment":"scroll","background-type":"","background-media":"","overlay-type":"","overlay-color":"","overlay-opacity":"","overlay-gradient":""},"tablet":{"background-color":"","background-image":"","background-repeat":"repeat","background-position":"center center","background-size":"auto","background-attachment":"scroll","background-type":"","background-media":"","overlay-type":"","overlay-color":"","overlay-opacity":"","overlay-gradient":""},"mobile":{"background-color":"","background-image":"","background-repeat":"repeat","background-position":"center center","background-size":"auto","background-attachment":"scroll","background-type":"","background-media":"","overlay-type":"","overlay-color":"","overlay-opacity":"","overlay-gradient":""}},"ast-content-background-meta":{"desktop":{"background-color":"var(--ast-global-color-5)","background-image":"","background-repeat":"repeat","background-position":"center center","background-size":"auto","background-attachment":"scroll","background-type":"","background-media":"","overlay-type":"","overlay-color":"","overlay-opacity":"","overlay-gradient":""},"tablet":{"background-color":"var(--ast-global-color-5)","background-image":"","background-repeat":"repeat","background-position":"center center","background-size":"auto","background-attachment":"scroll","background-type":"","background-media":"","overlay-type":"","overlay-color":"","overlay-opacity":"","overlay-gradient":""},"mobile":{"background-color":"var(--ast-global-color-5)","background-image":"","background-repeat":"repeat","background-position":"center center","background-size":"auto","background-attachment":"scroll","background-type":"","background-media":"","overlay-type":"","overlay-color":"","overlay-opacity":"","overlay-gradient":""}},"footnotes":""},"class_list":["post-610","page","type-page","status-publish","hentry"],"yoast_head":"<!-- This site is optimized with the Yoast SEO plugin v26.8 - https:\/\/yoast.com\/product\/yoast-seo-wordpress\/ -->\n<title>Referenzen - sinnovation<\/title>\n<meta name=\"robots\" content=\"index, follow, max-snippet:-1, max-image-preview:large, max-video-preview:-1\" \/>\n<link rel=\"canonical\" href=\"https:\/\/www.sinnovation.koeln\/index.php\/gemeinwohlberatung\/\" \/>\n<meta property=\"og:locale\" content=\"de_DE\" \/>\n<meta property=\"og:type\" content=\"article\" \/>\n<meta property=\"og:title\" content=\"Referenzen - sinnovation\" \/>\n<meta property=\"og:description\" content=\"Referenzen Projekte zur Gemeinwohlbilanzierung als zertifizierte Gemeinwohl-Beraterin Atelier Automatique Beethovenhaus Bonn Bunte Burger GmbH Diakonie D\u00fcsseldorf DGSv e.V. Hellers Brauhaus GmbH HR Pioneers GmbH K\u00f6ln B\u00e4der GmbH Nell-Breuning Haus \u00d6kokiste Gertrudenhof P1 Consulting Regionalwert AG Vollkornb\u00e4ckerei Barth GmbH Als Peergruppe Aka Merch &amp; Textil GmbH Bureau SoSo\u00ae \u2013 Nachhaltiges Grafikdesign Karsten Geisler \u2013 Design | [&hellip;]\" \/>\n<meta property=\"og:url\" content=\"https:\/\/www.sinnovation.koeln\/index.php\/gemeinwohlberatung\/\" \/>\n<meta property=\"og:site_name\" content=\"sinnovation\" \/>\n<meta property=\"article:modified_time\" content=\"2024-12-10T14:56:27+00:00\" \/>\n<meta name=\"twitter:card\" content=\"summary_large_image\" \/>\n<meta name=\"twitter:label1\" content=\"Gesch\u00e4tzte Lesezeit\" \/>\n\t<meta name=\"twitter:data1\" content=\"1\u00a0Minute\" \/>\n<script type=\"application\/ld+json\" class=\"yoast-schema-graph\">{\"@context\":\"https:\/\/schema.org\",\"@graph\":[{\"@type\":\"WebPage\",\"@id\":\"https:\/\/www.sinnovation.koeln\/index.php\/gemeinwohlberatung\/\",\"url\":\"https:\/\/www.sinnovation.koeln\/index.php\/gemeinwohlberatung\/\",\"name\":\"Referenzen - sinnovation\",\"isPartOf\":{\"@id\":\"https:\/\/www.sinnovation.koeln\/#website\"},\"datePublished\":\"2022-11-03T14:36:45+00:00\",\"dateModified\":\"2024-12-10T14:56:27+00:00\",\"breadcrumb\":{\"@id\":\"https:\/\/www.sinnovation.koeln\/index.php\/gemeinwohlberatung\/#breadcrumb\"},\"inLanguage\":\"de\",\"potentialAction\":[{\"@type\":\"ReadAction\",\"target\":[\"https:\/\/www.sinnovation.koeln\/index.php\/gemeinwohlberatung\/\"]}]},{\"@type\":\"BreadcrumbList\",\"@id\":\"https:\/\/www.sinnovation.koeln\/index.php\/gemeinwohlberatung\/#breadcrumb\",\"itemListElement\":[{\"@type\":\"ListItem\",\"position\":1,\"name\":\"Startseite\",\"item\":\"https:\/\/www.sinnovation.koeln\/\"},{\"@type\":\"ListItem\",\"position\":2,\"name\":\"Referenzen\"}]},{\"@type\":\"WebSite\",\"@id\":\"https:\/\/www.sinnovation.koeln\/#website\",\"url\":\"https:\/\/www.sinnovation.koeln\/\",\"name\":\"sinnovation\",\"description\":\"nachhaltig entwickeln\",\"publisher\":{\"@id\":\"https:\/\/www.sinnovation.koeln\/#organization\"},\"potentialAction\":[{\"@type\":\"SearchAction\",\"target\":{\"@type\":\"EntryPoint\",\"urlTemplate\":\"https:\/\/www.sinnovation.koeln\/?s={search_term_string}\"},\"query-input\":{\"@type\":\"PropertyValueSpecification\",\"valueRequired\":true,\"valueName\":\"search_term_string\"}}],\"inLanguage\":\"de\"},{\"@type\":\"Organization\",\"@id\":\"https:\/\/www.sinnovation.koeln\/#organization\",\"name\":\"sinnovation\",\"url\":\"https:\/\/www.sinnovation.koeln\/\",\"logo\":{\"@type\":\"ImageObject\",\"inLanguage\":\"de\",\"@id\":\"https:\/\/www.sinnovation.koeln\/#\/schema\/logo\/image\/\",\"url\":\"https:\/\/www.sinnovation.koeln\/wp24\/wp-content\/uploads\/2024\/04\/MD_Logo_600px.png\",\"contentUrl\":\"https:\/\/www.sinnovation.koeln\/wp24\/wp-content\/uploads\/2024\/04\/MD_Logo_600px.png\",\"width\":600,\"height\":191,\"caption\":\"sinnovation\"},\"image\":{\"@id\":\"https:\/\/www.sinnovation.koeln\/#\/schema\/logo\/image\/\"}}]}<\/script>\n<!-- \/ Yoast SEO plugin. -->","yoast_head_json":{"title":"Referenzen - sinnovation","robots":{"index":"index","follow":"follow","max-snippet":"max-snippet:-1","max-image-preview":"max-image-preview:large","max-video-preview":"max-video-preview:-1"},"canonical":"https:\/\/www.sinnovation.koeln\/index.php\/gemeinwohlberatung\/","og_locale":"de_DE","og_type":"article","og_title":"Referenzen - sinnovation","og_description":"Referenzen Projekte zur Gemeinwohlbilanzierung als zertifizierte Gemeinwohl-Beraterin Atelier Automatique Beethovenhaus Bonn Bunte Burger GmbH Diakonie D\u00fcsseldorf DGSv e.V. Hellers Brauhaus GmbH HR Pioneers GmbH K\u00f6ln B\u00e4der GmbH Nell-Breuning Haus \u00d6kokiste Gertrudenhof P1 Consulting Regionalwert AG Vollkornb\u00e4ckerei Barth GmbH Als Peergruppe Aka Merch &amp; Textil GmbH Bureau SoSo\u00ae \u2013 Nachhaltiges Grafikdesign Karsten Geisler \u2013 Design | [&hellip;]","og_url":"https:\/\/www.sinnovation.koeln\/index.php\/gemeinwohlberatung\/","og_site_name":"sinnovation","article_modified_time":"2024-12-10T14:56:27+00:00","twitter_card":"summary_large_image","twitter_misc":{"Gesch\u00e4tzte Lesezeit":"1\u00a0Minute"},"schema":{"@context":"https:\/\/schema.org","@graph":[{"@type":"WebPage","@id":"https:\/\/www.sinnovation.koeln\/index.php\/gemeinwohlberatung\/","url":"https:\/\/www.sinnovation.koeln\/index.php\/gemeinwohlberatung\/","name":"Referenzen - sinnovation","isPartOf":{"@id":"https:\/\/www.sinnovation.koeln\/#website"},"datePublished":"2022-11-03T14:36:45+00:00","dateModified":"2024-12-10T14:56:27+00:00","breadcrumb":{"@id":"https:\/\/www.sinnovation.koeln\/index.php\/gemeinwohlberatung\/#breadcrumb"},"inLanguage":"de","potentialAction":[{"@type":"ReadAction","target":["https:\/\/www.sinnovation.koeln\/index.php\/gemeinwohlberatung\/"]}]},{"@type":"BreadcrumbList","@id":"https:\/\/www.sinnovation.koeln\/index.php\/gemeinwohlberatung\/#breadcrumb","itemListElement":[{"@type":"ListItem","position":1,"name":"Startseite","item":"https:\/\/www.sinnovation.koeln\/"},{"@type":"ListItem","position":2,"name":"Referenzen"}]},{"@type":"WebSite","@id":"https:\/\/www.sinnovation.koeln\/#website","url":"https:\/\/www.sinnovation.koeln\/","name":"sinnovation","description":"nachhaltig entwickeln","publisher":{"@id":"https:\/\/www.sinnovation.koeln\/#organization"},"potentialAction":[{"@type":"SearchAction","target":{"@type":"EntryPoint","urlTemplate":"https:\/\/www.sinnovation.koeln\/?s={search_term_string}"},"query-input":{"@type":"PropertyValueSpecification","valueRequired":true,"valueName":"search_term_string"}}],"inLanguage":"de"},{"@type":"Organization","@id":"https:\/\/www.sinnovation.koeln\/#organization","name":"sinnovation","url":"https:\/\/www.sinnovation.koeln\/","logo":{"@type":"ImageObject","inLanguage":"de","@id":"https:\/\/www.sinnovation.koeln\/#\/schema\/logo\/image\/","url":"https:\/\/www.sinnovation.koeln\/wp24\/wp-content\/uploads\/2024\/04\/MD_Logo_600px.png","contentUrl":"https:\/\/www.sinnovation.koeln\/wp24\/wp-content\/uploads\/2024\/04\/MD_Logo_600px.png","width":600,"height":191,"caption":"sinnovation"},"image":{"@id":"https:\/\/www.sinnovation.koeln\/#\/schema\/logo\/image\/"}}]}},"_links":{"self":[{"href":"https:\/\/www.sinnovation.koeln\/index.php\/wp-json\/wp\/v2\/pages\/610","targetHints":{"allow":["GET"]}}],"collection":[{"href":"https:\/\/www.sinnovation.koeln\/index.php\/wp-json\/wp\/v2\/pages"}],"about":[{"href":"https:\/\/www.sinnovation.koeln\/index.php\/wp-json\/wp\/v2\/types\/page"}],"author":[{"embeddable":true,"href":"https:\/\/www.sinnovation.koeln\/index.php\/wp-json\/wp\/v2\/users\/1"}],"replies":[{"embeddable":true,"href":"https:\/\/www.sinnovation.koeln\/index.php\/wp-json\/wp\/v2\/comments?post=610"}],"version-history":[{"count":55,"href":"https:\/\/www.sinnovation.koeln\/index.php\/wp-json\/wp\/v2\/pages\/610\/revisions"}],"predecessor-version":[{"id":1737,"href":"https:\/\/www.sinnovation.koeln\/index.php\/wp-json\/wp\/v2\/pages\/610\/revisions\/1737"}],"wp:attachment":[{"href":"https:\/\/www.sinnovation.koeln\/index.php\/wp-json\/wp\/v2\/media?parent=610"}],"curies":[{"name":"wp","href":"https:\/\/api.w.org\/{rel}","templated":true}]}}